{"id":2094,"date":"2025-01-27T22:41:17","date_gmt":"2025-01-27T20:41:17","guid":{"rendered":"https:\/\/www.famlaform.com\/shop\/bookcase-h2-38\/"},"modified":"2026-02-14T16:11:53","modified_gmt":"2026-02-14T15:11:53","slug":"soffbord-b1","status":"publish","type":"product","link":"https:\/\/www.famlaform.com\/sv\/shop\/soffbord-b1\/","title":{"rendered":"Soffbord B1"},"content":{"rendered":"<div class=\"fusion-fullwidth fullwidth-box fusion-builder-row-1 fusion-flex-container has-pattern-background has-mask-background nonhundred-percent-fullwidth non-hundred-percent-height-scrolling\" style=\"--awb-border-radius-top-left:0px;--awb-border-radius-top-right:0px;--awb-border-radius-bottom-right:0px;--awb-border-radius-bottom-left:0px;--awb-padding-right:0px;--awb-padding-left:0px;--awb-padding-right-medium:0px;--awb-padding-left-medium:0px;--awb-padding-right-small:0px;--awb-padding-left-small:0px;--awb-margin-top:0px;--awb-margin-top-medium:0px;--awb-margin-top-small:0px;--awb-flex-wrap:wrap;\" ><div class=\"fusion-builder-row fusion-row fusion-flex-align-items-flex-start fusion-flex-content-wrap\" style=\"max-width:calc( 100% + 0px );margin-left: calc(-0px \/ 2 );margin-right: calc(-0px \/ 2 );\"><div class=\"fusion-layout-column fusion_builder_column fusion-builder-column-0 fusion_builder_column_1_2 1_2 fusion-flex-column\" style=\"--awb-bg-size:cover;--awb-width-large:50%;--awb-margin-top-large:0px;--awb-spacing-right-large:calc( 0.04 * calc( 100% - 0 ) );--awb-margin-bottom-large:0px;--awb-spacing-left-large:0px;--awb-width-medium:100%;--awb-spacing-right-medium:0px;--awb-spacing-left-medium:0px;--awb-width-small:100%;--awb-spacing-right-small:0px;--awb-spacing-left-small:0px;\"><div class=\"fusion-column-wrapper fusion-flex-justify-content-flex-start fusion-content-layout-column\"><div class=\"fusion-image-element \" style=\"--awb-aspect-ratio:1 \/ 1;--awb-caption-title-font-family:var(--h2_typography-font-family);--awb-caption-title-font-weight:var(--h2_typography-font-weight);--awb-caption-title-font-style:var(--h2_typography-font-style);--awb-caption-title-size:var(--h2_typography-font-size);--awb-caption-title-transform:var(--h2_typography-text-transform);--awb-caption-title-line-height:var(--h2_typography-line-height);--awb-caption-title-letter-spacing:var(--h2_typography-letter-spacing);\"><span class=\" fusion-imageframe imageframe-none imageframe-1 hover-type-none has-aspect-ratio\"><img decoding=\"async\" width=\"2560\" height=\"1707\" src=\"https:\/\/www.famlaform.com\/wp-content\/uploads\/DO01010143-scaled.jpg\" class=\"img-responsive wp-image-2394 img-with-aspect-ratio\" data-parent-fit=\"cover\" data-parent-container=\".fusion-image-element\" alt srcset=\"https:\/\/www.famlaform.com\/wp-content\/uploads\/DO01010143-200x133.jpg 200w, https:\/\/www.famlaform.com\/wp-content\/uploads\/DO01010143-400x267.jpg 400w, https:\/\/www.famlaform.com\/wp-content\/uploads\/DO01010143-600x400.jpg 600w, https:\/\/www.famlaform.com\/wp-content\/uploads\/DO01010143-800x533.jpg 800w, https:\/\/www.famlaform.com\/wp-content\/uploads\/DO01010143-1200x800.jpg 1200w, https:\/\/www.famlaform.com\/wp-content\/uploads\/DO01010143-scaled.jpg 2560w\" sizes=\"(max-width: 1024px) 100vw, (max-width: 800px) 100vw, 1200px\" \/><\/span><\/div><\/div><\/div><div class=\"fusion-layout-column fusion_builder_column fusion-builder-column-1 fusion_builder_column_1_2 1_2 fusion-flex-column\" style=\"--awb-bg-size:cover;--awb-width-large:50%;--awb-margin-top-large:0px;--awb-spacing-right-large:0px;--awb-margin-bottom-large:0px;--awb-spacing-left-large:calc( 0.04 * calc( 100% - 0 ) );--awb-width-medium:100%;--awb-spacing-right-medium:0px;--awb-spacing-left-medium:0px;--awb-width-small:100%;--awb-spacing-right-small:0px;--awb-spacing-left-small:0px;\"><div class=\"fusion-column-wrapper fusion-flex-justify-content-flex-start fusion-content-layout-column\"><div class=\"fusion-image-element \" style=\"--awb-aspect-ratio:1 \/ 1;--awb-object-position:23% 49%;--awb-caption-title-font-family:var(--h2_typography-font-family);--awb-caption-title-font-weight:var(--h2_typography-font-weight);--awb-caption-title-font-style:var(--h2_typography-font-style);--awb-caption-title-size:var(--h2_typography-font-size);--awb-caption-title-transform:var(--h2_typography-text-transform);--awb-caption-title-line-height:var(--h2_typography-line-height);--awb-caption-title-letter-spacing:var(--h2_typography-letter-spacing);\"><span class=\" fusion-imageframe imageframe-none imageframe-2 hover-type-none has-aspect-ratio\"><img decoding=\"async\" width=\"2560\" height=\"1707\" src=\"https:\/\/www.famlaform.com\/wp-content\/uploads\/DO01010051-scaled.jpg\" class=\"img-responsive wp-image-2390 img-with-aspect-ratio\" data-parent-fit=\"cover\" data-parent-container=\".fusion-image-element\" alt srcset=\"https:\/\/www.famlaform.com\/wp-content\/uploads\/DO01010051-200x133.jpg 200w, https:\/\/www.famlaform.com\/wp-content\/uploads\/DO01010051-400x267.jpg 400w, https:\/\/www.famlaform.com\/wp-content\/uploads\/DO01010051-600x400.jpg 600w, https:\/\/www.famlaform.com\/wp-content\/uploads\/DO01010051-800x533.jpg 800w, https:\/\/www.famlaform.com\/wp-content\/uploads\/DO01010051-1200x800.jpg 1200w, https:\/\/www.famlaform.com\/wp-content\/uploads\/DO01010051-scaled.jpg 2560w\" sizes=\"(max-width: 1024px) 100vw, (max-width: 800px) 100vw, 1200px\" \/><\/span><\/div><\/div><\/div><div class=\"fusion-layout-column fusion_builder_column fusion-builder-column-2 fusion_builder_column_1_2 1_2 fusion-flex-column\" style=\"--awb-bg-size:cover;--awb-width-large:50%;--awb-margin-top-large:0px;--awb-spacing-right-large:0px;--awb-margin-bottom-large:0px;--awb-spacing-left-large:calc( 0.04 * calc( 100% - 0 ) );--awb-width-medium:100%;--awb-spacing-right-medium:0px;--awb-spacing-left-medium:0px;--awb-width-small:100%;--awb-spacing-right-small:0px;--awb-spacing-left-small:0px;\"><div class=\"fusion-column-wrapper fusion-flex-justify-content-flex-start fusion-content-layout-column\"><div class=\"fusion-image-element \" style=\"--awb-aspect-ratio:1 \/ 1;--awb-object-position:47% 50%;--awb-caption-title-font-family:var(--h2_typography-font-family);--awb-caption-title-font-weight:var(--h2_typography-font-weight);--awb-caption-title-font-style:var(--h2_typography-font-style);--awb-caption-title-size:var(--h2_typography-font-size);--awb-caption-title-transform:var(--h2_typography-text-transform);--awb-caption-title-line-height:var(--h2_typography-line-height);--awb-caption-title-letter-spacing:var(--h2_typography-letter-spacing);\"><span class=\" fusion-imageframe imageframe-none imageframe-3 hover-type-none has-aspect-ratio\"><img decoding=\"async\" width=\"2560\" height=\"1707\" src=\"https:\/\/www.famlaform.com\/wp-content\/uploads\/DO01010148-scaled.jpg\" class=\"img-responsive wp-image-2400 img-with-aspect-ratio\" data-parent-fit=\"cover\" data-parent-container=\".fusion-image-element\" alt srcset=\"https:\/\/www.famlaform.com\/wp-content\/uploads\/DO01010148-200x133.jpg 200w, https:\/\/www.famlaform.com\/wp-content\/uploads\/DO01010148-400x267.jpg 400w, https:\/\/www.famlaform.com\/wp-content\/uploads\/DO01010148-600x400.jpg 600w, https:\/\/www.famlaform.com\/wp-content\/uploads\/DO01010148-800x533.jpg 800w, https:\/\/www.famlaform.com\/wp-content\/uploads\/DO01010148-1200x800.jpg 1200w, https:\/\/www.famlaform.com\/wp-content\/uploads\/DO01010148-scaled.jpg 2560w\" sizes=\"(max-width: 1024px) 100vw, (max-width: 800px) 100vw, 1200px\" \/><\/span><\/div><\/div><\/div><div class=\"fusion-layout-column fusion_builder_column fusion-builder-column-3 fusion_builder_column_1_2 1_2 fusion-flex-column\" style=\"--awb-bg-size:cover;--awb-width-large:50%;--awb-margin-top-large:0px;--awb-spacing-right-large:0px;--awb-margin-bottom-large:0px;--awb-spacing-left-large:calc( 0.04 * calc( 100% - 0 ) );--awb-width-medium:100%;--awb-spacing-right-medium:0px;--awb-spacing-left-medium:0px;--awb-width-small:100%;--awb-spacing-right-small:0px;--awb-spacing-left-small:0px;\"><div class=\"fusion-column-wrapper fusion-flex-justify-content-flex-start fusion-content-layout-column\"><div class=\"fusion-image-element \" style=\"--awb-aspect-ratio:1 \/ 1;--awb-object-position:21% 50%;--awb-caption-title-font-family:var(--h2_typography-font-family);--awb-caption-title-font-weight:var(--h2_typography-font-weight);--awb-caption-title-font-style:var(--h2_typography-font-style);--awb-caption-title-size:var(--h2_typography-font-size);--awb-caption-title-transform:var(--h2_typography-text-transform);--awb-caption-title-line-height:var(--h2_typography-line-height);--awb-caption-title-letter-spacing:var(--h2_typography-letter-spacing);\"><span class=\" fusion-imageframe imageframe-none imageframe-4 hover-type-none has-aspect-ratio\"><img decoding=\"async\" width=\"2560\" height=\"1707\" src=\"https:\/\/www.famlaform.com\/wp-content\/uploads\/DO01010070-1-scaled.jpg\" class=\"img-responsive wp-image-2396 img-with-aspect-ratio\" data-parent-fit=\"cover\" data-parent-container=\".fusion-image-element\" alt srcset=\"https:\/\/www.famlaform.com\/wp-content\/uploads\/DO01010070-1-200x133.jpg 200w, https:\/\/www.famlaform.com\/wp-content\/uploads\/DO01010070-1-400x267.jpg 400w, https:\/\/www.famlaform.com\/wp-content\/uploads\/DO01010070-1-600x400.jpg 600w, https:\/\/www.famlaform.com\/wp-content\/uploads\/DO01010070-1-800x533.jpg 800w, https:\/\/www.famlaform.com\/wp-content\/uploads\/DO01010070-1-1200x800.jpg 1200w, https:\/\/www.famlaform.com\/wp-content\/uploads\/DO01010070-1-scaled.jpg 2560w\" sizes=\"(max-width: 1024px) 100vw, (max-width: 800px) 100vw, 1200px\" \/><\/span><\/div><\/div><\/div><div class=\"fusion-layout-column fusion_builder_column fusion-builder-column-4 fusion_builder_column_1_2 1_2 fusion-flex-column\" style=\"--awb-bg-size:cover;--awb-width-large:50%;--awb-margin-top-large:0px;--awb-spacing-right-large:0px;--awb-margin-bottom-large:0px;--awb-spacing-left-large:calc( 0.04 * calc( 100% - 0 ) );--awb-width-medium:100%;--awb-spacing-right-medium:0px;--awb-spacing-left-medium:0px;--awb-width-small:100%;--awb-spacing-right-small:0px;--awb-spacing-left-small:0px;\"><div class=\"fusion-column-wrapper fusion-flex-justify-content-flex-start fusion-content-layout-column\"><div class=\"fusion-image-element \" style=\"--awb-aspect-ratio:1 \/ 1;--awb-object-position:54% 50%;--awb-caption-title-font-family:var(--h2_typography-font-family);--awb-caption-title-font-weight:var(--h2_typography-font-weight);--awb-caption-title-font-style:var(--h2_typography-font-style);--awb-caption-title-size:var(--h2_typography-font-size);--awb-caption-title-transform:var(--h2_typography-text-transform);--awb-caption-title-line-height:var(--h2_typography-line-height);--awb-caption-title-letter-spacing:var(--h2_typography-letter-spacing);\"><span class=\" fusion-imageframe imageframe-none imageframe-5 hover-type-none has-aspect-ratio\"><img decoding=\"async\" width=\"2560\" height=\"1707\" src=\"https:\/\/www.famlaform.com\/wp-content\/uploads\/DO01010160-scaled.jpg\" class=\"img-responsive wp-image-2392 img-with-aspect-ratio\" data-parent-fit=\"cover\" data-parent-container=\".fusion-image-element\" alt srcset=\"https:\/\/www.famlaform.com\/wp-content\/uploads\/DO01010160-200x133.jpg 200w, https:\/\/www.famlaform.com\/wp-content\/uploads\/DO01010160-400x267.jpg 400w, https:\/\/www.famlaform.com\/wp-content\/uploads\/DO01010160-600x400.jpg 600w, https:\/\/www.famlaform.com\/wp-content\/uploads\/DO01010160-800x533.jpg 800w, https:\/\/www.famlaform.com\/wp-content\/uploads\/DO01010160-1200x800.jpg 1200w, https:\/\/www.famlaform.com\/wp-content\/uploads\/DO01010160-scaled.jpg 2560w\" sizes=\"(max-width: 1024px) 100vw, (max-width: 800px) 100vw, 1200px\" \/><\/span><\/div><\/div><\/div><\/div><\/div>\n","protected":false},"excerpt":{"rendered":"<p>Ett n\u00e4tt litet soffbord tillverkat av k\u00f6rsb\u00e4r och almrotsfan\u00e9r, behandlat med oljevax.<\/p>\n","protected":false},"featured_media":2425,"template":"","meta":{"_acf_changed":false,"inline_featured_image":false},"product_brand":[],"product_cat":[62],"product_tag":[82],"class_list":{"0":"post-2094","1":"product","2":"type-product","3":"status-publish","4":"has-post-thumbnail","6":"product_cat-furniture","7":"product_tag-bord","8":"product_shipping_class-large-packages","10":"first","11":"instock","12":"taxable","13":"shipping-taxable","14":"purchasable","15":"product-type-simple"},"acf":[],"yoast_head":"<!-- This site is optimized with the Yoast SEO plugin v27.4 - https:\/\/yoast.com\/product\/yoast-seo-wordpress\/ -->\n<title>Soffbord B1 - Famla Form<\/title>\n<meta name=\"robots\" content=\"index, follow, max-snippet:-1, max-image-preview:large, max-video-preview:-1\" \/>\n<link rel=\"canonical\" href=\"https:\/\/www.famlaform.com\/sv\/shop\/soffbord-b1\/\" \/>\n<meta property=\"og:locale\" content=\"sv_SE\" \/>\n<meta property=\"og:type\" content=\"article\" \/>\n<meta property=\"og:title\" content=\"Soffbord B1 - Famla Form\" \/>\n<meta property=\"og:description\" content=\"Ett n\u00e4tt litet soffbord tillverkat av k\u00f6rsb\u00e4r och almrotsfan\u00e9r, behandlat med oljevax.\" \/>\n<meta property=\"og:url\" content=\"https:\/\/www.famlaform.com\/sv\/shop\/soffbord-b1\/\" \/>\n<meta property=\"og:site_name\" content=\"Famla Form\" \/>\n<meta property=\"article:modified_time\" content=\"2026-02-14T15:11:53+00:00\" \/>\n<meta property=\"og:image\" content=\"https:\/\/www.famlaform.com\/wp-content\/uploads\/soffbord_vy1-scaled.jpg\" \/>\n\t<meta property=\"og:image:width\" content=\"2560\" \/>\n\t<meta property=\"og:image:height\" content=\"2560\" \/>\n\t<meta property=\"og:image:type\" content=\"image\/jpeg\" \/>\n<meta name=\"twitter:card\" content=\"summary_large_image\" \/>\n<meta name=\"twitter:label1\" content=\"Ber\u00e4knad l\u00e4stid\" \/>\n\t<meta name=\"twitter:data1\" content=\"12 minuter\" \/>\n<script type=\"application\/ld+json\" class=\"yoast-schema-graph\">{\"@context\":\"https:\\\/\\\/schema.org\",\"@graph\":[{\"@type\":\"WebPage\",\"@id\":\"https:\\\/\\\/www.famlaform.com\\\/sv\\\/shop\\\/soffbord-b1\\\/\",\"url\":\"https:\\\/\\\/www.famlaform.com\\\/sv\\\/shop\\\/soffbord-b1\\\/\",\"name\":\"Soffbord B1 - Famla Form\",\"isPartOf\":{\"@id\":\"https:\\\/\\\/www.famlaform.com\\\/sv\\\/#website\"},\"primaryImageOfPage\":{\"@id\":\"https:\\\/\\\/www.famlaform.com\\\/sv\\\/shop\\\/soffbord-b1\\\/#primaryimage\"},\"image\":{\"@id\":\"https:\\\/\\\/www.famlaform.com\\\/sv\\\/shop\\\/soffbord-b1\\\/#primaryimage\"},\"thumbnailUrl\":\"https:\\\/\\\/www.famlaform.com\\\/wp-content\\\/uploads\\\/soffbord_vy1-scaled.jpg\",\"datePublished\":\"2025-01-27T20:41:17+00:00\",\"dateModified\":\"2026-02-14T15:11:53+00:00\",\"breadcrumb\":{\"@id\":\"https:\\\/\\\/www.famlaform.com\\\/sv\\\/shop\\\/soffbord-b1\\\/#breadcrumb\"},\"inLanguage\":\"sv-SE\",\"potentialAction\":[{\"@type\":\"ReadAction\",\"target\":[\"https:\\\/\\\/www.famlaform.com\\\/sv\\\/shop\\\/soffbord-b1\\\/\"]}]},{\"@type\":\"ImageObject\",\"inLanguage\":\"sv-SE\",\"@id\":\"https:\\\/\\\/www.famlaform.com\\\/sv\\\/shop\\\/soffbord-b1\\\/#primaryimage\",\"url\":\"https:\\\/\\\/www.famlaform.com\\\/wp-content\\\/uploads\\\/soffbord_vy1-scaled.jpg\",\"contentUrl\":\"https:\\\/\\\/www.famlaform.com\\\/wp-content\\\/uploads\\\/soffbord_vy1-scaled.jpg\",\"width\":2560,\"height\":2560},{\"@type\":\"BreadcrumbList\",\"@id\":\"https:\\\/\\\/www.famlaform.com\\\/sv\\\/shop\\\/soffbord-b1\\\/#breadcrumb\",\"itemListElement\":[{\"@type\":\"ListItem\",\"position\":1,\"name\":\"Home\",\"item\":\"https:\\\/\\\/www.famlaform.com\\\/sv\\\/start\\\/\"},{\"@type\":\"ListItem\",\"position\":2,\"name\":\"Butik\",\"item\":\"https:\\\/\\\/www.famlaform.com\\\/sv\\\/shop\\\/\"},{\"@type\":\"ListItem\",\"position\":3,\"name\":\"Soffbord B1\"}]},{\"@type\":\"WebSite\",\"@id\":\"https:\\\/\\\/www.famlaform.com\\\/sv\\\/#website\",\"url\":\"https:\\\/\\\/www.famlaform.com\\\/sv\\\/\",\"name\":\"Famla Form\",\"description\":\"\",\"potentialAction\":[{\"@type\":\"SearchAction\",\"target\":{\"@type\":\"EntryPoint\",\"urlTemplate\":\"https:\\\/\\\/www.famlaform.com\\\/sv\\\/?s={search_term_string}\"},\"query-input\":{\"@type\":\"PropertyValueSpecification\",\"valueRequired\":true,\"valueName\":\"search_term_string\"}}],\"inLanguage\":\"sv-SE\"}]}<\/script>\n<!-- \/ Yoast SEO plugin. -->","yoast_head_json":{"title":"Soffbord B1 - Famla Form","robots":{"index":"index","follow":"follow","max-snippet":"max-snippet:-1","max-image-preview":"max-image-preview:large","max-video-preview":"max-video-preview:-1"},"canonical":"https:\/\/www.famlaform.com\/sv\/shop\/soffbord-b1\/","og_locale":"sv_SE","og_type":"article","og_title":"Soffbord B1 - Famla Form","og_description":"Ett n\u00e4tt litet soffbord tillverkat av k\u00f6rsb\u00e4r och almrotsfan\u00e9r, behandlat med oljevax.","og_url":"https:\/\/www.famlaform.com\/sv\/shop\/soffbord-b1\/","og_site_name":"Famla Form","article_modified_time":"2026-02-14T15:11:53+00:00","og_image":[{"width":2560,"height":2560,"url":"https:\/\/www.famlaform.com\/wp-content\/uploads\/soffbord_vy1-scaled.jpg","type":"image\/jpeg"}],"twitter_card":"summary_large_image","twitter_misc":{"Ber\u00e4knad l\u00e4stid":"12 minuter"},"schema":{"@context":"https:\/\/schema.org","@graph":[{"@type":"WebPage","@id":"https:\/\/www.famlaform.com\/sv\/shop\/soffbord-b1\/","url":"https:\/\/www.famlaform.com\/sv\/shop\/soffbord-b1\/","name":"Soffbord B1 - Famla Form","isPartOf":{"@id":"https:\/\/www.famlaform.com\/sv\/#website"},"primaryImageOfPage":{"@id":"https:\/\/www.famlaform.com\/sv\/shop\/soffbord-b1\/#primaryimage"},"image":{"@id":"https:\/\/www.famlaform.com\/sv\/shop\/soffbord-b1\/#primaryimage"},"thumbnailUrl":"https:\/\/www.famlaform.com\/wp-content\/uploads\/soffbord_vy1-scaled.jpg","datePublished":"2025-01-27T20:41:17+00:00","dateModified":"2026-02-14T15:11:53+00:00","breadcrumb":{"@id":"https:\/\/www.famlaform.com\/sv\/shop\/soffbord-b1\/#breadcrumb"},"inLanguage":"sv-SE","potentialAction":[{"@type":"ReadAction","target":["https:\/\/www.famlaform.com\/sv\/shop\/soffbord-b1\/"]}]},{"@type":"ImageObject","inLanguage":"sv-SE","@id":"https:\/\/www.famlaform.com\/sv\/shop\/soffbord-b1\/#primaryimage","url":"https:\/\/www.famlaform.com\/wp-content\/uploads\/soffbord_vy1-scaled.jpg","contentUrl":"https:\/\/www.famlaform.com\/wp-content\/uploads\/soffbord_vy1-scaled.jpg","width":2560,"height":2560},{"@type":"BreadcrumbList","@id":"https:\/\/www.famlaform.com\/sv\/shop\/soffbord-b1\/#breadcrumb","itemListElement":[{"@type":"ListItem","position":1,"name":"Home","item":"https:\/\/www.famlaform.com\/sv\/start\/"},{"@type":"ListItem","position":2,"name":"Butik","item":"https:\/\/www.famlaform.com\/sv\/shop\/"},{"@type":"ListItem","position":3,"name":"Soffbord B1"}]},{"@type":"WebSite","@id":"https:\/\/www.famlaform.com\/sv\/#website","url":"https:\/\/www.famlaform.com\/sv\/","name":"Famla Form","description":"","potentialAction":[{"@type":"SearchAction","target":{"@type":"EntryPoint","urlTemplate":"https:\/\/www.famlaform.com\/sv\/?s={search_term_string}"},"query-input":{"@type":"PropertyValueSpecification","valueRequired":true,"valueName":"search_term_string"}}],"inLanguage":"sv-SE"}]}},"jetpack_sharing_enabled":true,"_links":{"self":[{"href":"https:\/\/www.famlaform.com\/sv\/wp-json\/wp\/v2\/product\/2094","targetHints":{"allow":["GET"]}}],"collection":[{"href":"https:\/\/www.famlaform.com\/sv\/wp-json\/wp\/v2\/product"}],"about":[{"href":"https:\/\/www.famlaform.com\/sv\/wp-json\/wp\/v2\/types\/product"}],"wp:featuredmedia":[{"embeddable":true,"href":"https:\/\/www.famlaform.com\/sv\/wp-json\/wp\/v2\/media\/2425"}],"wp:attachment":[{"href":"https:\/\/www.famlaform.com\/sv\/wp-json\/wp\/v2\/media?parent=2094"}],"wp:term":[{"taxonomy":"product_brand","embeddable":true,"href":"https:\/\/www.famlaform.com\/sv\/wp-json\/wp\/v2\/product_brand?post=2094"},{"taxonomy":"product_cat","embeddable":true,"href":"https:\/\/www.famlaform.com\/sv\/wp-json\/wp\/v2\/product_cat?post=2094"},{"taxonomy":"product_tag","embeddable":true,"href":"https:\/\/www.famlaform.com\/sv\/wp-json\/wp\/v2\/product_tag?post=2094"}],"curies":[{"name":"wp","href":"https:\/\/api.w.org\/{rel}","templated":true}]}}