{"id":2037,"date":"2020-05-18T09:27:54","date_gmt":"2020-05-18T07:27:54","guid":{"rendered":"https:\/\/www.famlaform.com\/regler-och-villkor\/"},"modified":"2026-02-26T11:21:12","modified_gmt":"2026-02-26T10:21:12","slug":"villkor","status":"publish","type":"page","link":"https:\/\/www.famlaform.com\/sv\/villkor\/","title":{"rendered":"Villkor &amp; best\u00e4mmelser"},"content":{"rendered":"<div class=\"fusion-fullwidth fullwidth-box fusion-builder-row-1 fusion-flex-container has-pattern-background has-mask-background nonhundred-percent-fullwidth non-hundred-percent-height-scrolling\" style=\"--awb-border-radius-top-left:0px;--awb-border-radius-top-right:0px;--awb-border-radius-bottom-right:0px;--awb-border-radius-bottom-left:0px;--awb-padding-top:60px;--awb-padding-top-medium:60px;--awb-padding-top-small:40px;--awb-flex-wrap:wrap;\" ><div class=\"fusion-builder-row fusion-row fusion-flex-align-items-flex-start fusion-flex-justify-content-center fusion-flex-content-wrap\" style=\"max-width:104%;margin-left: calc(-4% \/ 2 );margin-right: calc(-4% \/ 2 );\"><div class=\"fusion-layout-column fusion_builder_column fusion-builder-column-0 fusion-flex-column\" style=\"--awb-bg-size:cover;--awb-width-large:700px;--awb-margin-top-large:0px;--awb-spacing-right-large:2%;--awb-margin-bottom-large:20px;--awb-spacing-left-large:2%;--awb-width-medium:66.666666666667%;--awb-order-medium:0;--awb-spacing-right-medium:2.88%;--awb-spacing-left-medium:2.88%;--awb-width-small:100%;--awb-order-small:0;--awb-spacing-right-small:1.92%;--awb-spacing-left-small:1.92%;\" data-scroll-devices=\"small-visibility,medium-visibility,large-visibility\"><div class=\"fusion-column-wrapper fusion-column-has-shadow fusion-flex-justify-content-flex-start fusion-content-layout-column\"><div class=\"fusion-text fusion-text-1 fusion-text-no-margin\" style=\"--awb-margin-bottom:10px;\"><h2>Villkor &amp; best\u00e4mmelser<\/h2>\n<\/div><div class=\"fusion-text fusion-text-2 fusion-text-no-margin\" style=\"--awb-margin-bottom:10px;--awb-text-font-family:&quot;LeagueSpartan&quot;;--awb-text-font-style:normal;--awb-text-font-weight:400;\"><h3>Frakt<\/h3>\n<div id=\"lipsum\">\n<p>Fraktkostnaden visas i kassan och betalas av kunden. Vi behandlar din best\u00e4llning s\u00e5 snabbt som m\u00f6jligt. N\u00e4r din best\u00e4llning har skickats kommer vi att skicka sp\u00e5rningsnumret f\u00f6r paketet via e-post.<\/p>\n<\/div>\n<h3>Avbokningar och returer<\/h3>\n<div id=\"lipsum\">\n<p>Om du vill avboka en best\u00e4llning \u00e4r du enligt 41 \u00a7 konsumentk\u00f6plagen skyldig att ers\u00e4tta oss f\u00f6r v\u00e5ra kostnader och f\u00f6rluster, s\u00e5vida du inte har m\u00f6jlighet att utnyttja din \u00e5ngerr\u00e4tt. Ers\u00e4ttning till f\u00f6ljd av en avbokning kommer i f\u00f6rsta hand att tas fr\u00e5n den erlagda handpenningen, om s\u00e5dan finns.<\/p>\n<p>Du kan inte utnyttja din \u00e5ngerr\u00e4tt genom att v\u00e4gra ta emot varorna vid leverans, eller genom att underl\u00e5ta att h\u00e4mta ut dem, utan att samtidigt meddela oss att du \u00f6nskar returnera.<\/p>\n<p>\u00d6ppet k\u00f6p eller bytesr\u00e4tt g\u00e4ller inte f\u00f6r specialtillverkade varor. Men du kan ha \u00e5ngerr\u00e4tt. Du kan kontakta oss f\u00f6r att ta reda p\u00e5 vad som g\u00e4ller.<\/p>\n<p>I vissa fall kan en best\u00e4lld produkt vara slut i lager eller av andra sk\u00e4l inte vara m\u00f6jlig f\u00f6r oss att leverera. I s\u00e5 fall kontaktar vi dig omedelbart f\u00f6r att diskutera en tillfredsst\u00e4llande l\u00f6sning i den utstr\u00e4ckning som till\u00e4mplig konsumentlagstiftning medger.<\/p>\n<\/div>\n<\/div><div class=\"fusion-menu-anchor\" id=\"privacy-policy\"><\/div><div class=\"fusion-text fusion-text-3 fusion-text-no-margin\" style=\"--awb-margin-bottom:10px;--awb-text-font-family:&quot;LeagueSpartan&quot;;--awb-text-font-style:normal;--awb-text-font-weight:400;\"><\/p>\n<p><h3 class=\"wp-block-heading\">Integritetspolicy<\/h3>\n<p>What personal data we collect and why we collect it<\/p>\n<h4>Kakor<\/h4>\n<p>Information that you enter on our site may be stored so that you do not have to fill in your details again. These cookies will last for one year.<\/p>\n<h4>Inb\u00e4ddat inneh\u00e5ll fr\u00e5n andra webbplatser<\/h4>\n<p>Articles on this site may include embedded content (e.g. videos, images, articles, etc.). Embedded content from other websites behaves in the exact same way as if the visitor has visited the other website.<\/p>\n<p>These websites may collect data about you, use cookies, embed additional third-party tracking, and monitor your interaction with that embedded content, including tracking your interaction with the embedded content if you have an account and are logged in to that website.<\/p>\n<h4>Analys<\/h4>\n<p>We may collect information on site usage in order to improve the user expericene.<\/p>\n<\/p>\n<p><h4 class=\"wp-block-heading\">Hur l\u00e4nge vi sparar dina uppgifter<\/h4>\n<p>If you leave a comment, the comment and its metadata are retained indefinitely. This is so we can recognize and approve any follow-up comments automatically instead of holding them in a moderation queue.<\/p>\n<p>For users that register on our website (if any), we also store the personal information they provide in their user profile. All users can see, edit, or delete their personal information at any time (except they cannot change their username). Website administrators can also see and edit that information.<\/p>\n<\/p>\n<p><h4>What rights you have over your data<\/h4>\n<p>Om du har ett konto p\u00e5 denna webbplats, eller har l\u00e4mnat kommentarer, kan du beg\u00e4ra att f\u00e5 en exporterad fil med de personuppgifter vi har om dig, inklusive alla uppgifter du har l\u00e4mnat till oss. Du kan ocks\u00e5 beg\u00e4ra att vi raderar alla personuppgifter vi har om dig. Detta inkluderar inte uppgifter som vi \u00e4r skyldiga att beh\u00e5lla f\u00f6r administrativa, juridiska eller s\u00e4kerhets\u00e4ndam\u00e5l.<\/p>\n<h4>Where we send your data<\/h4>\n<p>Bes\u00f6kskommentarer kan kontrolleras genom en automatiserad skr\u00e4ppostdetekteringstj\u00e4nst.<\/p>\n<h4>Your contact information<\/h4>\n<p>Din kontaktinformation kommer att lagras f\u00f6r leverans\u00e4ndam\u00e5l med mera.<\/p>\n<\/p>\n<\/p>\n<\/p>\n<\/p>\n<p><p>\u00a0<\/p><\/p>\n<\/div><\/div><\/div><\/div><\/div>\n","protected":false},"excerpt":{"rendered":"","protected":false},"author":1,"featured_media":0,"parent":0,"menu_order":0,"comment_status":"closed","ping_status":"closed","template":"100-width.php","meta":{"_acf_changed":false,"inline_featured_image":false,"footnotes":""},"class_list":["post-2037","page","type-page","status-publish","hentry"],"acf":[],"yoast_head":"<!-- This site is optimized with the Yoast SEO plugin v27.4 - https:\/\/yoast.com\/product\/yoast-seo-wordpress\/ -->\n<title>Villkor &amp; best\u00e4mmelser - Famla Form<\/title>\n<meta name=\"robots\" content=\"index, follow, max-snippet:-1, max-image-preview:large, max-video-preview:-1\" \/>\n<link rel=\"canonical\" href=\"https:\/\/www.famlaform.com\/sv\/villkor\/\" \/>\n<meta property=\"og:locale\" content=\"sv_SE\" \/>\n<meta property=\"og:type\" content=\"article\" \/>\n<meta property=\"og:title\" content=\"Villkor &amp; best\u00e4mmelser - Famla Form\" \/>\n<meta property=\"og:url\" content=\"https:\/\/www.famlaform.com\/sv\/villkor\/\" \/>\n<meta property=\"og:site_name\" content=\"Famla Form\" \/>\n<meta property=\"article:modified_time\" content=\"2026-02-26T10:21:12+00:00\" \/>\n<meta name=\"twitter:card\" content=\"summary_large_image\" \/>\n<meta name=\"twitter:label1\" content=\"Ber\u00e4knad l\u00e4stid\" \/>\n\t<meta name=\"twitter:data1\" content=\"3 minuter\" \/>\n<script type=\"application\/ld+json\" class=\"yoast-schema-graph\">{\"@context\":\"https:\\\/\\\/schema.org\",\"@graph\":[{\"@type\":\"WebPage\",\"@id\":\"https:\\\/\\\/www.famlaform.com\\\/sv\\\/villkor\\\/\",\"url\":\"https:\\\/\\\/www.famlaform.com\\\/sv\\\/villkor\\\/\",\"name\":\"Villkor &amp; best\u00e4mmelser - Famla Form\",\"isPartOf\":{\"@id\":\"https:\\\/\\\/www.famlaform.com\\\/sv\\\/#website\"},\"datePublished\":\"2020-05-18T07:27:54+00:00\",\"dateModified\":\"2026-02-26T10:21:12+00:00\",\"breadcrumb\":{\"@id\":\"https:\\\/\\\/www.famlaform.com\\\/sv\\\/villkor\\\/#breadcrumb\"},\"inLanguage\":\"sv-SE\",\"potentialAction\":[{\"@type\":\"ReadAction\",\"target\":[\"https:\\\/\\\/www.famlaform.com\\\/sv\\\/villkor\\\/\"]}]},{\"@type\":\"BreadcrumbList\",\"@id\":\"https:\\\/\\\/www.famlaform.com\\\/sv\\\/villkor\\\/#breadcrumb\",\"itemListElement\":[{\"@type\":\"ListItem\",\"position\":1,\"name\":\"Home\",\"item\":\"https:\\\/\\\/www.famlaform.com\\\/sv\\\/start\\\/\"},{\"@type\":\"ListItem\",\"position\":2,\"name\":\"Villkor &amp; best\u00e4mmelser\"}]},{\"@type\":\"WebSite\",\"@id\":\"https:\\\/\\\/www.famlaform.com\\\/sv\\\/#website\",\"url\":\"https:\\\/\\\/www.famlaform.com\\\/sv\\\/\",\"name\":\"Famla Form\",\"description\":\"\",\"potentialAction\":[{\"@type\":\"SearchAction\",\"target\":{\"@type\":\"EntryPoint\",\"urlTemplate\":\"https:\\\/\\\/www.famlaform.com\\\/sv\\\/?s={search_term_string}\"},\"query-input\":{\"@type\":\"PropertyValueSpecification\",\"valueRequired\":true,\"valueName\":\"search_term_string\"}}],\"inLanguage\":\"sv-SE\"}]}<\/script>\n<!-- \/ Yoast SEO plugin. -->","yoast_head_json":{"title":"Villkor &amp; best\u00e4mmelser - Famla Form","robots":{"index":"index","follow":"follow","max-snippet":"max-snippet:-1","max-image-preview":"max-image-preview:large","max-video-preview":"max-video-preview:-1"},"canonical":"https:\/\/www.famlaform.com\/sv\/villkor\/","og_locale":"sv_SE","og_type":"article","og_title":"Villkor &amp; best\u00e4mmelser - Famla Form","og_url":"https:\/\/www.famlaform.com\/sv\/villkor\/","og_site_name":"Famla Form","article_modified_time":"2026-02-26T10:21:12+00:00","twitter_card":"summary_large_image","twitter_misc":{"Ber\u00e4knad l\u00e4stid":"3 minuter"},"schema":{"@context":"https:\/\/schema.org","@graph":[{"@type":"WebPage","@id":"https:\/\/www.famlaform.com\/sv\/villkor\/","url":"https:\/\/www.famlaform.com\/sv\/villkor\/","name":"Villkor &amp; best\u00e4mmelser - Famla Form","isPartOf":{"@id":"https:\/\/www.famlaform.com\/sv\/#website"},"datePublished":"2020-05-18T07:27:54+00:00","dateModified":"2026-02-26T10:21:12+00:00","breadcrumb":{"@id":"https:\/\/www.famlaform.com\/sv\/villkor\/#breadcrumb"},"inLanguage":"sv-SE","potentialAction":[{"@type":"ReadAction","target":["https:\/\/www.famlaform.com\/sv\/villkor\/"]}]},{"@type":"BreadcrumbList","@id":"https:\/\/www.famlaform.com\/sv\/villkor\/#breadcrumb","itemListElement":[{"@type":"ListItem","position":1,"name":"Home","item":"https:\/\/www.famlaform.com\/sv\/start\/"},{"@type":"ListItem","position":2,"name":"Villkor &amp; best\u00e4mmelser"}]},{"@type":"WebSite","@id":"https:\/\/www.famlaform.com\/sv\/#website","url":"https:\/\/www.famlaform.com\/sv\/","name":"Famla Form","description":"","potentialAction":[{"@type":"SearchAction","target":{"@type":"EntryPoint","urlTemplate":"https:\/\/www.famlaform.com\/sv\/?s={search_term_string}"},"query-input":{"@type":"PropertyValueSpecification","valueRequired":true,"valueName":"search_term_string"}}],"inLanguage":"sv-SE"}]}},"jetpack_sharing_enabled":true,"_links":{"self":[{"href":"https:\/\/www.famlaform.com\/sv\/wp-json\/wp\/v2\/pages\/2037","targetHints":{"allow":["GET"]}}],"collection":[{"href":"https:\/\/www.famlaform.com\/sv\/wp-json\/wp\/v2\/pages"}],"about":[{"href":"https:\/\/www.famlaform.com\/sv\/wp-json\/wp\/v2\/types\/page"}],"author":[{"embeddable":true,"href":"https:\/\/www.famlaform.com\/sv\/wp-json\/wp\/v2\/users\/1"}],"replies":[{"embeddable":true,"href":"https:\/\/www.famlaform.com\/sv\/wp-json\/wp\/v2\/comments?post=2037"}],"version-history":[{"count":27,"href":"https:\/\/www.famlaform.com\/sv\/wp-json\/wp\/v2\/pages\/2037\/revisions"}],"predecessor-version":[{"id":2725,"href":"https:\/\/www.famlaform.com\/sv\/wp-json\/wp\/v2\/pages\/2037\/revisions\/2725"}],"wp:attachment":[{"href":"https:\/\/www.famlaform.com\/sv\/wp-json\/wp\/v2\/media?parent=2037"}],"curies":[{"name":"wp","href":"https:\/\/api.w.org\/{rel}","templated":true}]}}